{"id":1001848,"date":"2022-11-23T09:49:39","date_gmt":"2022-11-23T08:49:39","guid":{"rendered":"https:\/\/mediterraneatrekking.com\/?page_id=1001848"},"modified":"2022-11-23T09:49:40","modified_gmt":"2022-11-23T08:49:40","slug":"imprint-3","status":"publish","type":"page","link":"https:\/\/mediterraneatrekking.com\/de\/imprint-3\/","title":{"rendered":"Imprint"},"content":{"rendered":"\n<!-- Legal document generated by Complianz | GDPR\/CCPA Cookie Consent https:\/\/wordpress.org\/plugins\/complianz-gdpr -->\n<div id=\"cmplz-document\" class=\"cmplz-document impressum cmplz-document-all\"><p><i>Dieses Impressum wurde zuletzt am 7 Januar 2025 aktualisiert.<\/i><\/p><p class=\"cmplz-subtitle\">Der Eigent\u00fcmer dieser Website ist:<\/p><p>Mediterranea Trekking Societ\u00e0 a responsabilit\u00e0 limitata<br>Via G. Natoli, 61, 98123 Messina<br>Italien<br>E-Mail:&nbsp;<span class=\"cmplz-obfuscate\">&#105;nfo@<span class=\"cmplz-fmail-domain\">e&#120;.&#099;o&#109;<\/span>&#109;&#101;d&#116;rek&#046;i&#116;<\/span><br>Telefonnummer: +39.09716094<br>USt-IdNr:&nbsp;02805320831<\/p><p class=\"cmplz-subtitle\">Der\/die gesetzliche(n) Vertreter von Mediterranea Trekking Societ\u00e0 a responsabilit\u00e0 limitata:<\/p><p>IGOR FEDELE<\/p><h2>1. Allgemein<\/h2><p class=\"cmplz-subtitle\">1.1 Wir sind bei Camera di Commercio Messina unter der Lizenz- oder Registrierungsnummer registriert:<\/p><p>193883<\/p><p class=\"cmplz-subtitle\">1.2 Der Name unserer Aufsichtsbeh\u00f6rde lautet:<\/p><p>Licenza Tour Operator D.D.S. n\u00b0246\/S9 Tour - Rilasciata da Assessorato Turismo Regione Sicilia<\/p><p class=\"cmplz-subtitle\">1.3 Im Einklang mit der Verordnung \u00fcber die Online-Streitbeilegung in Verbraucherangelegenheiten (ODR-Verordnung):<\/p><p>Wir m\u00f6chten dich dar\u00fcber informieren, dass die Verbraucher die M\u00f6glichkeit haben, Beschwerden bei der Online-Streitbeilegungsplattform der Europ\u00e4ischen Kommission einzureichen, die du unter folgender URL findest: <a href=\"https:\/\/ec.europa.eu\/odr\" rel=\"noopener noreferrer nofollow\" target=\"_blank\">ec.europa.eu\/odr<\/a><\/p><p>Wir sind bereit oder verpflichtet, an Streitbeilegungsverfahren vor einer Verbraucherschlichtungsstelle teilzunehmen.<\/p><h2>2. Die folgenden Angaben sind nach deutscher Gesetzgebung zwingend erforderlich.<\/h2><p class=\"cmplz-subtitle\">2.1 Die Eigentumsanteile der Gesellschaft (Aktienkapital), die von ihr ausgegeben wurden:<\/p><p>10000<\/p><p class=\"cmplz-subtitle\">2.2 Wir stellen journalistische und redaktionell aufbereitete Inhalte zur Verf\u00fcgung.<\/p><p>Daher m\u00fcssen wir den Namen und den Wohnort der Person nennen, die f\u00fcr den Inhalt dieser Website verantwortlich ist:<br \/><br \/>Verantwortlich f\u00fcr den Inhalt nach \u00a7 18 Abs. 2 MStV ist: Igor Fedele aus Messina.<\/p><p class=\"cmplz-subtitle\">2.3 Unsere Berufshaftpflichtversicherung lautet:<\/p><p>Unipol Sai Assicurazioni Spa<br \/>\r\nSubagenzia n\u00b0 02425 UGB Assicurazioni srl<br \/>\r\nVia 27 Luglio 32 is 195<br \/>\r\n98122 Messina<br \/>\r\n<br \/>\r\n<\/p><h2>3. Weitere Informationen<\/h2><p>Fondo di Garanzia:<br \/>\r\n<br \/>\r\nFONDO VACANZE FELICI S.c.a.r.l.<br \/>\r\nC.F. &amp; P.IVA: 09566380961<br \/>\r\nSede legale: Via Larga n. 6 - Milano<br \/>\r\nSede operativa: Via Vittor Pisani n. 12\/A - Milano <br \/>\r\n<br \/>\r\nhttps:\/\/www.fondovacanzefelici.it<\/p><\/div>\n","protected":false},"excerpt":{"rendered":"","protected":false},"author":1,"featured_media":0,"parent":0,"menu_order":31,"comment_status":"closed","ping_status":"closed","template":"","meta":{"_acf_changed":false,"footnotes":""},"class_list":["post-1001848","page","type-page","status-publish","hentry"],"acf":[],"yoast_head":"<!-- This site is optimized with the Yoast SEO plugin v26.8 - https:\/\/yoast.com\/product\/yoast-seo-wordpress\/ -->\n<title>Imprint - Mediterranea Trekking<\/title>\n<meta name=\"robots\" content=\"index, follow, max-snippet:-1, max-image-preview:large, max-video-preview:-1\" \/>\n<link rel=\"canonical\" href=\"https:\/\/mediterraneatrekking.com\/de\/imprint-3\/\" \/>\n<meta property=\"og:locale\" content=\"de_DE\" \/>\n<meta property=\"og:type\" content=\"article\" \/>\n<meta property=\"og:title\" content=\"Imprint - Mediterranea Trekking\" \/>\n<meta property=\"og:url\" content=\"https:\/\/mediterraneatrekking.com\/de\/imprint-3\/\" \/>\n<meta property=\"og:site_name\" content=\"Mediterranea Trekking\" \/>\n<meta property=\"article:publisher\" content=\"https:\/\/www.facebook.com\/mediterraneatrekking\/\" \/>\n<meta property=\"article:modified_time\" content=\"2022-11-23T08:49:40+00:00\" \/>\n<meta name=\"twitter:card\" content=\"summary_large_image\" \/>\n<meta name=\"twitter:label1\" content=\"Gesch\u00e4tzte Lesezeit\" \/>\n\t<meta name=\"twitter:data1\" content=\"1\u00a0Minute\" \/>\n<script type=\"application\/ld+json\" class=\"yoast-schema-graph\">{\"@context\":\"https:\/\/schema.org\",\"@graph\":[{\"@type\":\"WebPage\",\"@id\":\"https:\/\/mediterraneatrekking.com\/de\/imprint-3\/\",\"url\":\"https:\/\/mediterraneatrekking.com\/de\/imprint-3\/\",\"name\":\"Imprint - Mediterranea Trekking\",\"isPartOf\":{\"@id\":\"https:\/\/mediterraneatrekking.com\/de\/#website\"},\"datePublished\":\"2022-11-23T08:49:39+00:00\",\"dateModified\":\"2022-11-23T08:49:40+00:00\",\"breadcrumb\":{\"@id\":\"https:\/\/mediterraneatrekking.com\/de\/imprint-3\/#breadcrumb\"},\"inLanguage\":\"de\",\"potentialAction\":[{\"@type\":\"ReadAction\",\"target\":[\"https:\/\/mediterraneatrekking.com\/de\/imprint-3\/\"]}]},{\"@type\":\"BreadcrumbList\",\"@id\":\"https:\/\/mediterraneatrekking.com\/de\/imprint-3\/#breadcrumb\",\"itemListElement\":[{\"@type\":\"ListItem\",\"position\":1,\"name\":\"Home\",\"item\":\"https:\/\/mediterraneatrekking.com\/de\/\"},{\"@type\":\"ListItem\",\"position\":2,\"name\":\"Imprint\"}]},{\"@type\":\"WebSite\",\"@id\":\"https:\/\/mediterraneatrekking.com\/de\/#website\",\"url\":\"https:\/\/mediterraneatrekking.com\/de\/\",\"name\":\"Mediterranea Trekking\",\"description\":\"Itinerari e Trekking in Sicilia\",\"publisher\":{\"@id\":\"https:\/\/mediterraneatrekking.com\/de\/#organization\"},\"potentialAction\":[{\"@type\":\"SearchAction\",\"target\":{\"@type\":\"EntryPoint\",\"urlTemplate\":\"https:\/\/mediterraneatrekking.com\/de\/?s={search_term_string}\"},\"query-input\":{\"@type\":\"PropertyValueSpecification\",\"valueRequired\":true,\"valueName\":\"search_term_string\"}}],\"inLanguage\":\"de\"},{\"@type\":\"Organization\",\"@id\":\"https:\/\/mediterraneatrekking.com\/de\/#organization\",\"name\":\"Mediterranea Trekking srl\",\"url\":\"https:\/\/mediterraneatrekking.com\/de\/\",\"logo\":{\"@type\":\"ImageObject\",\"inLanguage\":\"de\",\"@id\":\"https:\/\/mediterraneatrekking.com\/de\/#\/schema\/logo\/image\/\",\"url\":\"https:\/\/mediterraneatrekking.com\/wp-content\/uploads\/2019\/02\/logo-med.png\",\"contentUrl\":\"https:\/\/mediterraneatrekking.com\/wp-content\/uploads\/2019\/02\/logo-med.png\",\"width\":344,\"height\":64,\"caption\":\"Mediterranea Trekking srl\"},\"image\":{\"@id\":\"https:\/\/mediterraneatrekking.com\/de\/#\/schema\/logo\/image\/\"},\"sameAs\":[\"https:\/\/www.facebook.com\/mediterraneatrekking\/\"]}]}<\/script>\n<!-- \/ Yoast SEO plugin. -->","yoast_head_json":{"title":"Imprint - Mediterranea Trekking","robots":{"index":"index","follow":"follow","max-snippet":"max-snippet:-1","max-image-preview":"max-image-preview:large","max-video-preview":"max-video-preview:-1"},"canonical":"https:\/\/mediterraneatrekking.com\/de\/imprint-3\/","og_locale":"de_DE","og_type":"article","og_title":"Imprint - Mediterranea Trekking","og_url":"https:\/\/mediterraneatrekking.com\/de\/imprint-3\/","og_site_name":"Mediterranea Trekking","article_publisher":"https:\/\/www.facebook.com\/mediterraneatrekking\/","article_modified_time":"2022-11-23T08:49:40+00:00","twitter_card":"summary_large_image","twitter_misc":{"Gesch\u00e4tzte Lesezeit":"1\u00a0Minute"},"schema":{"@context":"https:\/\/schema.org","@graph":[{"@type":"WebPage","@id":"https:\/\/mediterraneatrekking.com\/de\/imprint-3\/","url":"https:\/\/mediterraneatrekking.com\/de\/imprint-3\/","name":"Imprint - Mediterranea Trekking","isPartOf":{"@id":"https:\/\/mediterraneatrekking.com\/de\/#website"},"datePublished":"2022-11-23T08:49:39+00:00","dateModified":"2022-11-23T08:49:40+00:00","breadcrumb":{"@id":"https:\/\/mediterraneatrekking.com\/de\/imprint-3\/#breadcrumb"},"inLanguage":"de","potentialAction":[{"@type":"ReadAction","target":["https:\/\/mediterraneatrekking.com\/de\/imprint-3\/"]}]},{"@type":"BreadcrumbList","@id":"https:\/\/mediterraneatrekking.com\/de\/imprint-3\/#breadcrumb","itemListElement":[{"@type":"ListItem","position":1,"name":"Home","item":"https:\/\/mediterraneatrekking.com\/de\/"},{"@type":"ListItem","position":2,"name":"Imprint"}]},{"@type":"WebSite","@id":"https:\/\/mediterraneatrekking.com\/de\/#website","url":"https:\/\/mediterraneatrekking.com\/de\/","name":"Mediterranea Trekking","description":"Itinerari e Trekking in Sicilia","publisher":{"@id":"https:\/\/mediterraneatrekking.com\/de\/#organization"},"potentialAction":[{"@type":"SearchAction","target":{"@type":"EntryPoint","urlTemplate":"https:\/\/mediterraneatrekking.com\/de\/?s={search_term_string}"},"query-input":{"@type":"PropertyValueSpecification","valueRequired":true,"valueName":"search_term_string"}}],"inLanguage":"de"},{"@type":"Organization","@id":"https:\/\/mediterraneatrekking.com\/de\/#organization","name":"Mediterranea Trekking srl","url":"https:\/\/mediterraneatrekking.com\/de\/","logo":{"@type":"ImageObject","inLanguage":"de","@id":"https:\/\/mediterraneatrekking.com\/de\/#\/schema\/logo\/image\/","url":"https:\/\/mediterraneatrekking.com\/wp-content\/uploads\/2019\/02\/logo-med.png","contentUrl":"https:\/\/mediterraneatrekking.com\/wp-content\/uploads\/2019\/02\/logo-med.png","width":344,"height":64,"caption":"Mediterranea Trekking srl"},"image":{"@id":"https:\/\/mediterraneatrekking.com\/de\/#\/schema\/logo\/image\/"},"sameAs":["https:\/\/www.facebook.com\/mediterraneatrekking\/"]}]}},"_links":{"self":[{"href":"https:\/\/mediterraneatrekking.com\/de\/wp-json\/wp\/v2\/pages\/1001848","targetHints":{"allow":["GET"]}}],"collection":[{"href":"https:\/\/mediterraneatrekking.com\/de\/wp-json\/wp\/v2\/pages"}],"about":[{"href":"https:\/\/mediterraneatrekking.com\/de\/wp-json\/wp\/v2\/types\/page"}],"author":[{"embeddable":true,"href":"https:\/\/mediterraneatrekking.com\/de\/wp-json\/wp\/v2\/users\/1"}],"replies":[{"embeddable":true,"href":"https:\/\/mediterraneatrekking.com\/de\/wp-json\/wp\/v2\/comments?post=1001848"}],"version-history":[{"count":1,"href":"https:\/\/mediterraneatrekking.com\/de\/wp-json\/wp\/v2\/pages\/1001848\/revisions"}],"predecessor-version":[{"id":1001849,"href":"https:\/\/mediterraneatrekking.com\/de\/wp-json\/wp\/v2\/pages\/1001848\/revisions\/1001849"}],"wp:attachment":[{"href":"https:\/\/mediterraneatrekking.com\/de\/wp-json\/wp\/v2\/media?parent=1001848"}],"curies":[{"name":"wp","href":"https:\/\/api.w.org\/{rel}","templated":true}]}}