{"id":77955,"date":"2020-02-19T13:10:48","date_gmt":"2020-02-19T12:10:48","guid":{"rendered":"https:\/\/silly-wu.168-119-172-62.plesk.page\/?page_id=77955"},"modified":"2025-01-14T15:54:26","modified_gmt":"2025-01-14T14:54:26","slug":"ueber-uns","status":"publish","type":"page","link":"https:\/\/mediterraneatrekking.com\/de\/ueber-uns\/","title":{"rendered":"\u00dcber uns"},"content":{"rendered":"<h2>Die Agentur<\/h2>\n<p><strong>Mediterranea Trekking GmbH <\/strong>ist ein Incoming- Reiseveranstalter, der 2005 dank einer \u00fcber achtj\u00e4hrigen Erfahrung in dem Sektor der Gr\u00fcndungsmitglieder entstand, die eine gro\u00dfe Leidenschaft f\u00fcr Outdoor- Aktivit\u00e4ten hegen. In dem Verlauf von 13 Jahren ist die Agentur so gewachsen, dass sie heute imstande ist, die gesamte touristische Nachfrage abzudecken. Das Leistungsspektrum reicht vom <strong>Trekking<\/strong> bis zur Kreuzfahrt im Gulet.<\/p>\n<p>Seit ihrer Gr\u00fcndung ist die Agentur Vertrauenspartner von <strong>Terres d<\/strong><strong>\u2019<\/strong><strong>Aventure<\/strong>, dem wichtigsten franz\u00f6sischen Reiseveranstalter im Bereich &#8222;voyages d&#8217;aventure&#8220;, f\u00fcr den sie einen sorgf\u00e4ltigen und bis in jedes Detail durchdachten Service f\u00fcr <strong>Trekking<\/strong> in ganz <strong>Sizilien<\/strong> und dar\u00fcber hinaus bietet.<\/p>\n<p>Seit 2013 arbeitet die Agentur mit Mediterranea Crociere zusammen und organisiert Gulet- Kreuzfahrten zu den \u00c4olischen Inseln mit zwei Gulets. 2015 wurde ein gemeinschaftliches Unternehmen mit <strong>Mediterranea Rifugi <\/strong>gegr\u00fcndet, das die Leitung des Refugiums <strong>Chalet <\/strong><strong>Clan dei Ragazzi <\/strong>\u00fcbernommen hat; es ist die gr\u00f6\u00dfte und wichtigste Schutzh\u00fctte&nbsp; auf der Nordseite des <strong>\u00c4<\/strong><strong>tna<\/strong>.<\/p>\n<p><strong>Mediterranea Trekking<\/strong> nutzt die Professionalit\u00e4t von etwa 10 <strong>freiberuflichen F<\/strong><strong>\u00fc<\/strong><strong>hrern<\/strong> mit nachweislicher Erfahrung und F\u00e4higkeit; alle verf\u00fcgen \u00fcber eine regul\u00e4re Lizenz zur Aus\u00fcbung ihres Berufs und sprechen mehrere Fremdsprachen.<\/p>\n<p>Das Backoffice-Team besteht aus einem technischen Direktor, Igor Fedele, und zwei Damen, Simona und Maria. die f\u00fcr die Buchung, Planung und den Verkauf verantwortlich sind.<\/p>\n<p><strong>Mediterranea Trekking<\/strong> vertritt die Werte der \u00f6kologischen Nachhaltigkeit und zielt mit jeder ihrer T\u00e4tigkeiten auf die F\u00f6rderung eines verantwortungsvollen und umweltfreundlichen Tourismus ab. Diese unternehmerische Berufung wird durch das von der <strong>ATR (Agir pour un Tourisme Responsable)<\/strong> 2011 verliehene Zertifikat best\u00e4tigt.<\/p>\n<h2>Was Wir Tun<\/h2>\n<p>Wir sind auf <strong>Trekking<\/strong>-Ausfl\u00fcge in der Natur spezialisiert, bieten aber auch kulturelle Touren, <strong>ma<\/strong><strong>\u00df<\/strong><strong>geschneiderte<\/strong> <strong>und<\/strong><strong> Incentive-<\/strong><strong>Reisen<\/strong> sowie verschiedenartige touristische Dienstleistungen an. Unser Spitzenangebot besteht aus einer 8-t\u00e4gigen Trekking-Tour zwischen dem <strong>\u00c4<\/strong><strong>tna<\/strong> und den <strong>\u00c4<\/strong><strong>olischen Inseln<\/strong>. Unsere Aktivit\u00e4ten umfassen jedoch alle Parks und Naturschutzgebiete unseres Territoriums und unsere Vorschl\u00e4ge gehen sogar \u00fcber die Meerenge hinaus und beziehen <strong>Apulien<\/strong>, die <strong>Basilikata<\/strong>, <strong>Kampanien<\/strong> und <strong>Kalabrien<\/strong> mit ein.<\/p>\n<p>Unsere Reisen werden immer von <strong>lokalen F<\/strong><strong>\u00fc<\/strong><strong>hrern<\/strong> begleitet und sind f\u00fcr <strong>Gruppen von h<\/strong><strong>\u00f6<\/strong><strong>chstens 15 Personen<\/strong> geplant.&nbsp; Kleine Beherbergungsbetriebe und lokale Zulieferer werden bevorzugt, um dem Reisenden das Eintauchen in den besuchten Ort so authentisch wie m\u00f6glich zu gestalten.<\/p>\n<h2>Unsere Produkte und Dienstleistungen umfassen:<\/h2>\n<ul>\n<li><strong>W<\/strong><strong>\u00f6<\/strong><strong>chentliche Trekkingtouren<\/strong><\/li>\n<li><strong>Guletkreuzfahrten kombiniert mit Trekking auf den <\/strong><strong>\u00c4<\/strong><strong>olischen Inseln<\/strong><\/li>\n<li><strong>Individuell angepasste Reisen f<\/strong><strong>\u00fc<\/strong><strong>r Gruppen und Einzelpersonen Incentive-Reisen f<\/strong><strong>\u00fc<\/strong><strong>r Unternehmen<\/strong><\/li>\n<li><strong>Kulturelle Touren Transferdienste<\/strong><\/li>\n<li><strong>Fly and Drive<\/strong><\/li>\n<li><strong>Motorradverleih und Motorradtourismus<\/strong><\/li>\n<li><strong>Verleih von R<\/strong><strong>\u00e4<\/strong><strong>dern f<\/strong><strong>\u00fc<\/strong><strong>r den Fahrradtourismus und Verleih von Mountainbikes, Touren f<\/strong><strong>\u00fc<\/strong><strong>r beide Aktivit<\/strong><strong>\u00e4<\/strong><strong>ten und auch E-Bikes T<\/strong><strong>\u00e4<\/strong><strong>gliche <\/strong><\/li>\n<li><strong>Trekking-, Kultur- und Fahrradausfl<\/strong><strong>\u00fc<\/strong><strong>ge <\/strong><strong>&nbsp;<\/strong><\/li>\n<\/ul>\n","protected":false},"excerpt":{"rendered":"<p>Die Agentur Mediterranea Trekking GmbH ist ein Incoming- Reiseveranstalter, der 2005 dank einer \u00fcber achtj\u00e4hrigen Erfahrung in dem Sektor der Gr\u00fcndungsmitglieder entstand, die eine gro\u00dfe Leidenschaft f\u00fcr Outdoor- Aktivit\u00e4ten hegen. In dem Verlauf von 13 Jahren ist die Agentur so gewachsen, dass sie heute imstande ist, die gesamte touristische Nachfrage abzudecken. Das Leistungsspektrum reicht vom [&hellip;]<\/p>\n","protected":false},"author":1,"featured_media":0,"parent":0,"menu_order":5,"comment_status":"closed","ping_status":"closed","template":"page-about.php","meta":{"_acf_changed":false,"footnotes":""},"class_list":["post-77955","page","type-page","status-publish","hentry"],"acf":[],"yoast_head":"<!-- This site is optimized with the Yoast SEO plugin v26.8 - https:\/\/yoast.com\/product\/yoast-seo-wordpress\/ -->\n<title>\u00dcber uns - Mediterranea Trekking<\/title>\n<meta name=\"description\" content=\"Ein Incoming-Reiseveranstalter mit umfassender und bew\u00e4hrter Erfahrung im Natur- und Sporttourismus auf Sizilien\" \/>\n<meta name=\"robots\" content=\"index, follow, max-snippet:-1, max-image-preview:large, max-video-preview:-1\" \/>\n<link rel=\"canonical\" href=\"https:\/\/mediterraneatrekking.com\/de\/ueber-uns\/\" \/>\n<meta property=\"og:locale\" content=\"de_DE\" \/>\n<meta property=\"og:type\" content=\"article\" \/>\n<meta property=\"og:title\" content=\"\u00dcber uns - Mediterranea Trekking\" \/>\n<meta property=\"og:description\" content=\"Ein Incoming-Reiseveranstalter mit umfassender und bew\u00e4hrter Erfahrung im Natur- und Sporttourismus auf Sizilien\" \/>\n<meta property=\"og:url\" content=\"https:\/\/mediterraneatrekking.com\/de\/ueber-uns\/\" \/>\n<meta property=\"og:site_name\" content=\"Mediterranea Trekking\" \/>\n<meta property=\"article:publisher\" content=\"https:\/\/www.facebook.com\/mediterraneatrekking\/\" \/>\n<meta property=\"article:modified_time\" content=\"2025-01-14T14:54:26+00:00\" \/>\n<meta name=\"twitter:card\" content=\"summary_large_image\" \/>\n<meta name=\"twitter:label1\" content=\"Gesch\u00e4tzte Lesezeit\" \/>\n\t<meta name=\"twitter:data1\" content=\"3\u00a0Minuten\" \/>\n<script type=\"application\/ld+json\" class=\"yoast-schema-graph\">{\"@context\":\"https:\/\/schema.org\",\"@graph\":[{\"@type\":\"WebPage\",\"@id\":\"https:\/\/mediterraneatrekking.com\/de\/ueber-uns\/\",\"url\":\"https:\/\/mediterraneatrekking.com\/de\/ueber-uns\/\",\"name\":\"\u00dcber uns - Mediterranea Trekking\",\"isPartOf\":{\"@id\":\"https:\/\/mediterraneatrekking.com\/de\/#website\"},\"datePublished\":\"2020-02-19T12:10:48+00:00\",\"dateModified\":\"2025-01-14T14:54:26+00:00\",\"description\":\"Ein Incoming-Reiseveranstalter mit umfassender und bew\u00e4hrter Erfahrung im Natur- und Sporttourismus auf Sizilien\",\"breadcrumb\":{\"@id\":\"https:\/\/mediterraneatrekking.com\/de\/ueber-uns\/#breadcrumb\"},\"inLanguage\":\"de\",\"potentialAction\":[{\"@type\":\"ReadAction\",\"target\":[\"https:\/\/mediterraneatrekking.com\/de\/ueber-uns\/\"]}]},{\"@type\":\"BreadcrumbList\",\"@id\":\"https:\/\/mediterraneatrekking.com\/de\/ueber-uns\/#breadcrumb\",\"itemListElement\":[{\"@type\":\"ListItem\",\"position\":1,\"name\":\"Home\",\"item\":\"https:\/\/mediterraneatrekking.com\/de\/\"},{\"@type\":\"ListItem\",\"position\":2,\"name\":\"\u00dcber uns\"}]},{\"@type\":\"WebSite\",\"@id\":\"https:\/\/mediterraneatrekking.com\/de\/#website\",\"url\":\"https:\/\/mediterraneatrekking.com\/de\/\",\"name\":\"Mediterranea Trekking\",\"description\":\"Itinerari e Trekking in Sicilia\",\"publisher\":{\"@id\":\"https:\/\/mediterraneatrekking.com\/de\/#organization\"},\"potentialAction\":[{\"@type\":\"SearchAction\",\"target\":{\"@type\":\"EntryPoint\",\"urlTemplate\":\"https:\/\/mediterraneatrekking.com\/de\/?s={search_term_string}\"},\"query-input\":{\"@type\":\"PropertyValueSpecification\",\"valueRequired\":true,\"valueName\":\"search_term_string\"}}],\"inLanguage\":\"de\"},{\"@type\":\"Organization\",\"@id\":\"https:\/\/mediterraneatrekking.com\/de\/#organization\",\"name\":\"Mediterranea Trekking srl\",\"url\":\"https:\/\/mediterraneatrekking.com\/de\/\",\"logo\":{\"@type\":\"ImageObject\",\"inLanguage\":\"de\",\"@id\":\"https:\/\/mediterraneatrekking.com\/de\/#\/schema\/logo\/image\/\",\"url\":\"https:\/\/mediterraneatrekking.com\/wp-content\/uploads\/2019\/02\/logo-med.png\",\"contentUrl\":\"https:\/\/mediterraneatrekking.com\/wp-content\/uploads\/2019\/02\/logo-med.png\",\"width\":344,\"height\":64,\"caption\":\"Mediterranea Trekking srl\"},\"image\":{\"@id\":\"https:\/\/mediterraneatrekking.com\/de\/#\/schema\/logo\/image\/\"},\"sameAs\":[\"https:\/\/www.facebook.com\/mediterraneatrekking\/\"]}]}<\/script>\n<!-- \/ Yoast SEO plugin. -->","yoast_head_json":{"title":"\u00dcber uns - Mediterranea Trekking","description":"Ein Incoming-Reiseveranstalter mit umfassender und bew\u00e4hrter Erfahrung im Natur- und Sporttourismus auf Sizilien","robots":{"index":"index","follow":"follow","max-snippet":"max-snippet:-1","max-image-preview":"max-image-preview:large","max-video-preview":"max-video-preview:-1"},"canonical":"https:\/\/mediterraneatrekking.com\/de\/ueber-uns\/","og_locale":"de_DE","og_type":"article","og_title":"\u00dcber uns - Mediterranea Trekking","og_description":"Ein Incoming-Reiseveranstalter mit umfassender und bew\u00e4hrter Erfahrung im Natur- und Sporttourismus auf Sizilien","og_url":"https:\/\/mediterraneatrekking.com\/de\/ueber-uns\/","og_site_name":"Mediterranea Trekking","article_publisher":"https:\/\/www.facebook.com\/mediterraneatrekking\/","article_modified_time":"2025-01-14T14:54:26+00:00","twitter_card":"summary_large_image","twitter_misc":{"Gesch\u00e4tzte Lesezeit":"3\u00a0Minuten"},"schema":{"@context":"https:\/\/schema.org","@graph":[{"@type":"WebPage","@id":"https:\/\/mediterraneatrekking.com\/de\/ueber-uns\/","url":"https:\/\/mediterraneatrekking.com\/de\/ueber-uns\/","name":"\u00dcber uns - Mediterranea Trekking","isPartOf":{"@id":"https:\/\/mediterraneatrekking.com\/de\/#website"},"datePublished":"2020-02-19T12:10:48+00:00","dateModified":"2025-01-14T14:54:26+00:00","description":"Ein Incoming-Reiseveranstalter mit umfassender und bew\u00e4hrter Erfahrung im Natur- und Sporttourismus auf Sizilien","breadcrumb":{"@id":"https:\/\/mediterraneatrekking.com\/de\/ueber-uns\/#breadcrumb"},"inLanguage":"de","potentialAction":[{"@type":"ReadAction","target":["https:\/\/mediterraneatrekking.com\/de\/ueber-uns\/"]}]},{"@type":"BreadcrumbList","@id":"https:\/\/mediterraneatrekking.com\/de\/ueber-uns\/#breadcrumb","itemListElement":[{"@type":"ListItem","position":1,"name":"Home","item":"https:\/\/mediterraneatrekking.com\/de\/"},{"@type":"ListItem","position":2,"name":"\u00dcber uns"}]},{"@type":"WebSite","@id":"https:\/\/mediterraneatrekking.com\/de\/#website","url":"https:\/\/mediterraneatrekking.com\/de\/","name":"Mediterranea Trekking","description":"Itinerari e Trekking in Sicilia","publisher":{"@id":"https:\/\/mediterraneatrekking.com\/de\/#organization"},"potentialAction":[{"@type":"SearchAction","target":{"@type":"EntryPoint","urlTemplate":"https:\/\/mediterraneatrekking.com\/de\/?s={search_term_string}"},"query-input":{"@type":"PropertyValueSpecification","valueRequired":true,"valueName":"search_term_string"}}],"inLanguage":"de"},{"@type":"Organization","@id":"https:\/\/mediterraneatrekking.com\/de\/#organization","name":"Mediterranea Trekking srl","url":"https:\/\/mediterraneatrekking.com\/de\/","logo":{"@type":"ImageObject","inLanguage":"de","@id":"https:\/\/mediterraneatrekking.com\/de\/#\/schema\/logo\/image\/","url":"https:\/\/mediterraneatrekking.com\/wp-content\/uploads\/2019\/02\/logo-med.png","contentUrl":"https:\/\/mediterraneatrekking.com\/wp-content\/uploads\/2019\/02\/logo-med.png","width":344,"height":64,"caption":"Mediterranea Trekking srl"},"image":{"@id":"https:\/\/mediterraneatrekking.com\/de\/#\/schema\/logo\/image\/"},"sameAs":["https:\/\/www.facebook.com\/mediterraneatrekking\/"]}]}},"_links":{"self":[{"href":"https:\/\/mediterraneatrekking.com\/de\/wp-json\/wp\/v2\/pages\/77955","targetHints":{"allow":["GET"]}}],"collection":[{"href":"https:\/\/mediterraneatrekking.com\/de\/wp-json\/wp\/v2\/pages"}],"about":[{"href":"https:\/\/mediterraneatrekking.com\/de\/wp-json\/wp\/v2\/types\/page"}],"author":[{"embeddable":true,"href":"https:\/\/mediterraneatrekking.com\/de\/wp-json\/wp\/v2\/users\/1"}],"replies":[{"embeddable":true,"href":"https:\/\/mediterraneatrekking.com\/de\/wp-json\/wp\/v2\/comments?post=77955"}],"version-history":[{"count":10,"href":"https:\/\/mediterraneatrekking.com\/de\/wp-json\/wp\/v2\/pages\/77955\/revisions"}],"predecessor-version":[{"id":1006761,"href":"https:\/\/mediterraneatrekking.com\/de\/wp-json\/wp\/v2\/pages\/77955\/revisions\/1006761"}],"wp:attachment":[{"href":"https:\/\/mediterraneatrekking.com\/de\/wp-json\/wp\/v2\/media?parent=77955"}],"curies":[{"name":"wp","href":"https:\/\/api.w.org\/{rel}","templated":true}]}}