{"id":962025,"date":"2020-09-05T18:09:38","date_gmt":"2020-09-05T16:09:38","guid":{"rendered":"https:\/\/silly-wu.168-119-172-62.plesk.page\/privacy-policy-2\/"},"modified":"2022-10-11T17:57:21","modified_gmt":"2022-10-11T15:57:21","slug":"privacy-policy","status":"publish","type":"page","link":"https:\/\/mediterraneatrekking.com\/de\/privacy-policy\/","title":{"rendered":"Privacy Policy"},"content":{"rendered":"<h2>Titolare del trattamento<\/h2>\n<p>Titolare del trattamento \u00e8 Mediterranea Trekking Srl, con sede in Via Giuseppe Natoli, 61, 98123 Messina ME, CF e P.IVA 02805320831 (in seguito, \u201cTitolare\u201d), in qualit\u00e0 di titolare del trattamento, La informa ai sensi dell\u2019art. 13 D.Lgs. 30.6.2003 n. 196 (in seguito, \u201cCodice Privacy\u201d) e dell\u2019art. 13 Regolamento UE n. 2016\/679 (in seguito, \u201cGDPR\u201d) che i Suoi dati saranno trattati con le modalit\u00e0 e per le finalit\u00e0 seguenti:<\/p>\n<h2>Oggetto del Trattamento e Finalit\u00e0<\/h2>\n<p>Il presente processo di trattamento dei dati riguarda tutti i dati personali, anagrafici e\/o identificativi, da Lei comunicati in occasione della conclusione del contratto per i servizi offerti dal Titolare.<br \/>\nPotranno, inoltre, essere raccolti e trattati automaticamente ulteriori dati, quali dati tecnici (ad es. indirizzo IP, tipo di browser, dati relativi alla tua posizione attuale) e\/o cookie (si rinvia alla relativa sezione \u201cCookie\u201d).<\/p>\n<p>I Suoi dati vengono utilizzati per:<\/p>\n<p>a) garantirLe l\u2019accesso ai servizi da Lei contrattualmente pattuiti e fornirle assistenza in merito ad essi (ad es. Servizi di messaggistica e\/o in genere Servizi di Customer Care);<\/p>\n<p>b) comunicarLe le nostre iniziative commerciali (ad es. attivit\u00e0 promozionali e\/o pubblicitarie su nuovi servizi ed eventi)<\/p>\n<p>c) condurre attivit\u00e0 di analisi e di reportistica connessa all\u2019uso dei servizi pattuiti;<\/p>\n<p>L\u2019eventuale rifiuto a prestare il proprio consenso al trattamento dei dati per la sola \u201cfinalit\u00e0 di erogazione del servizio\u201d \u2013 riportata sub a) \u2013 render\u00e0 impossibile l\u2019utilizzo del servizio stesso.<br \/>\nIn nessun caso i Suoi dati saranno utilizzati per finalit\u00e0 estranee a quelle sopra indicate.<\/p>\n<h2>Modalit\u00e0 di trattamento<\/h2>\n<p>Il trattamento dei Suoi dati personali \u00e8 realizzato per mezzo delle operazioni indicate all\u2019art. 4 Codice Privacy e all\u2019art. 4 n. 2) GDPR e precisamente: raccolta, registrazione, organizzazione, conservazione, consultazione, elaborazione, modificazione, selezione, estrazione, raffronto, utilizzo, interconnessione, blocco, comunicazione, cancellazione e distruzione dei dati. I Suoi dati personali sono sottoposti a trattamento sia cartaceo che elettronico e\/o automatizzato.<\/p>\n<p>I dati sono raccolti dai soggetti indicati al punto 4, secondo le indicazioni della normativa di riferimento, con particolare riguardo alle misure di sicurezza previste dal GDPR (art. 32) per il loro trattamento mediante strumenti informatici, manuali ed automatizzati e con logiche strettamente correlate alle finalit\u00e0 indicate al punto 1 e comunque in modo da garantire la sicurezza e la riservatezza dei dati stessi.<\/p>\n<p>Il trattamento dei dati \u00e8 svolto dal Titolare e\/o dal Responsabile del Trattamento e\/o dai Sub-Responsabili del Trattamento.<\/p>\n<h2>Periodo di conservazione<\/h2>\n<p>Per le finalit\u00e0 di cui al punto a) Il Titolare tratter\u00e0 i dati personali per il tempo strettamente necessario per adempiere alle finalit\u00e0 di cui sopra, nel rispetto delle normative vigenti, e comunque non oltre il termine di legge stabilito dall\u2019art. 2946 c.c. (10 anni).<\/p>\n<p>Per finalit\u00e0 di marketing diretto ed eventuale profilazione \u2013 di cui ai punti b) e c) \u2013 i dati personali saranno conservati per un periodo massimo pari a quello previsto dalla normativa applicabile ovverosia rispettivamente pari a 24 e 12 mesi.<\/p>\n<p>Le fatture, i documenti contabili e i dati relativi alle transazioni commerciali saranno conservati, ai sensi di legge, per un periodo massimo di 10 anni.<\/p>\n<h2>Soggetti a cui possono essere comunicati i dati<\/h2>\n<p>I Suoi dati potranno essere resi accessibili per le finalit\u00e0 di cui all\u2019art. 1:<\/p>\n<p>a) a dipendenti e collaboratori del Titolare nella loro qualit\u00e0 di incaricati e\/o responsabili e\/o sub-responsabili interni del trattamento;<\/p>\n<p>b) societ\u00e0 che svolgono funzioni strettamente connesse e strumentali all\u2019operativit\u00e0 \u2013 anche tecnica \u2013 dei servizi offerti dal Titolare, quali ad esempio fornitori di servizi di direct marketing e di customer care, societ\u00e0 che erogano servizi di archiviazione, amministrativi, di pagamento e fatturazione, societ\u00e0 collegate e\/o in generale societ\u00e0 che forniscono componenti tecniche per l\u2019erogazione di alcune funzionalit\u00e0 del servizio<\/p>\n<p>c) enti ed autorit\u00e0 amministrative e giudiziarie in virt\u00f9 degli obblighi di legge.<\/p>\n<p>I dati personali saranno conservati su server siti nell\u2019Unione Europea, ferma restando la facolt\u00e0 per il Titolare di trasferirne l\u2019ubicazione. I dati personali potranno essere trasferiti verso Paesi dell\u2019Unione Europea e verso Paesi terzi rispetto all\u2019Unione Europea esclusivamente nell\u2019ambito delle finalit\u00e0 di cui al punto 1.<br \/>\nIn questo caso, ci assicuriamo che questo trasferimento avvenga nel rispetto della legislazione vigente e che sia garantito un livello adeguato di protezione dei dati personali basandoci su una decisione di adeguatezza, su clausole standard definite dalla Commissione Europea o su Binding Corporate Rules.<\/p>\n<h2>Diritti dell\u2019Interessato<\/h2>\n<p>Nella Sua qualit\u00e0 di Interessato, ha facolt\u00e0 di esercitare i diritti di cui all\u2019art. 7 Codice Privacy e artt. 15 e ss. GDPR e precisamente pu\u00f2:<\/p>\n<p>a) ottenere dal Titolare, in ogni momento, informazioni circa l\u2019esistenza dei propri dati personali, l\u2019origine degli stessi, le finalit\u00e0 e le modalit\u00e0 di trattamento e, qualora presenti, di ottenere l\u2019accesso ai dati personali ed alle informazioni di cui all\u2019articolo 15 del GDPR;<\/p>\n<p>b) richiedere l\u2019aggiornamento, la rettifica, l\u2019integrazione, la cancellazione, la limitazione del trattamento dei dati nel caso ricorra una delle condizioni previste all\u2019articolo 18 del GDPR, la trasformazione in forma anonima o il blocco dei dati personali, trattati in violazione di legge, compresi quelli di cui non \u00e8 necessaria la conservazione in relazione agli scopi per i quali i dati sono stati raccolti e\/o successivamente trattati<\/p>\n<p>c) opporsi, in tutto o in parte, per motivi legittimi, al trattamento dei dati, ancorch\u00e9 pertinenti allo scopo della raccolta ed al trattamento dei dati personali previsti ai fini di informazione commerciale o di invio di materiale pubblicitario o di vendita diretta ovvero per il compimento di ricerche di mercato o di comunicazione commerciale. Ogni utente ha altres\u00ec il diritto di revocare il consenso in qualsiasi momento senza pregiudicare le liceit\u00e0 del trattamento basata sul consenso prestato prima della revoca<\/p>\n<p>d) ricevere i propri dati personali, forniti consapevolmente ed attivamente o attraverso la fruizione del servizio, in un formato strutturato, di uso comune e leggibile da dispositivo automatico, e di trasmetterli ad un altro titolare del trattamento senza impedimenti proporre reclamo presso l\u2019Autorit\u00e0 Garante per la protezione dei dati personali in Italia.<\/p>\n<h2>Modalit\u00e0 di esercizio dei diritti<\/h2>\n<p>Potr\u00e0 in qualsiasi momento esercitare i Suoi diritti inviando una raccomandata a.r. a Mediterranea Trekking Srl, Via Giuseppe Natoli, 61, 98123 Messina ME.<\/p>\n<h2>Responsabile protezione dei dati<\/h2>\n<p>Responsabile per la protezione dei dati \u00e8 Mediterranea Trekking Srl, nella persona del legale rappresentante.<\/p>\n","protected":false},"excerpt":{"rendered":"<p>Titolare del trattamento Titolare del trattamento \u00e8 Mediterranea Trekking Srl, con sede in Via Giuseppe Natoli, 61, 98123 Messina ME, CF e P.IVA 02805320831 (in seguito, \u201cTitolare\u201d), in qualit\u00e0 di titolare del trattamento, La informa ai sensi dell\u2019art. 13 D.Lgs. 30.6.2003 n. 196 (in seguito, \u201cCodice Privacy\u201d) e dell\u2019art. 13 Regolamento UE n. 2016\/679 (in [&hellip;]<\/p>\n","protected":false},"author":1,"featured_media":0,"parent":0,"menu_order":51,"comment_status":"closed","ping_status":"closed","template":"","meta":{"_acf_changed":false,"footnotes":""},"class_list":["post-962025","page","type-page","status-publish","hentry"],"acf":[],"yoast_head":"<!-- This site is optimized with the Yoast SEO plugin v26.8 - https:\/\/yoast.com\/product\/yoast-seo-wordpress\/ -->\n<title>Privacy Policy - Mediterranea Trekking<\/title>\n<meta name=\"robots\" content=\"index, follow, max-snippet:-1, max-image-preview:large, max-video-preview:-1\" \/>\n<link rel=\"canonical\" href=\"https:\/\/mediterraneatrekking.com\/de\/privacy-policy\/\" \/>\n<meta property=\"og:locale\" content=\"de_DE\" \/>\n<meta property=\"og:type\" content=\"article\" \/>\n<meta property=\"og:title\" content=\"Privacy Policy - Mediterranea Trekking\" \/>\n<meta property=\"og:description\" content=\"Titolare del trattamento Titolare del trattamento \u00e8 Mediterranea Trekking Srl, con sede in Via Giuseppe Natoli, 61, 98123 Messina ME, CF e P.IVA 02805320831 (in seguito, \u201cTitolare\u201d), in qualit\u00e0 di titolare del trattamento, La informa ai sensi dell\u2019art. 13 D.Lgs. 30.6.2003 n. 196 (in seguito, \u201cCodice Privacy\u201d) e dell\u2019art. 13 Regolamento UE n. 2016\/679 (in [&hellip;]\" \/>\n<meta property=\"og:url\" content=\"https:\/\/mediterraneatrekking.com\/de\/privacy-policy\/\" \/>\n<meta property=\"og:site_name\" content=\"Mediterranea Trekking\" \/>\n<meta property=\"article:publisher\" content=\"https:\/\/www.facebook.com\/mediterraneatrekking\/\" \/>\n<meta property=\"article:modified_time\" content=\"2022-10-11T15:57:21+00:00\" \/>\n<meta name=\"twitter:card\" content=\"summary_large_image\" \/>\n<meta name=\"twitter:label1\" content=\"Gesch\u00e4tzte Lesezeit\" \/>\n\t<meta name=\"twitter:data1\" content=\"5\u00a0Minuten\" \/>\n<script type=\"application\/ld+json\" class=\"yoast-schema-graph\">{\"@context\":\"https:\/\/schema.org\",\"@graph\":[{\"@type\":\"WebPage\",\"@id\":\"https:\/\/mediterraneatrekking.com\/de\/privacy-policy\/\",\"url\":\"https:\/\/mediterraneatrekking.com\/de\/privacy-policy\/\",\"name\":\"Privacy Policy - Mediterranea Trekking\",\"isPartOf\":{\"@id\":\"https:\/\/mediterraneatrekking.com\/de\/#website\"},\"datePublished\":\"2020-09-05T16:09:38+00:00\",\"dateModified\":\"2022-10-11T15:57:21+00:00\",\"breadcrumb\":{\"@id\":\"https:\/\/mediterraneatrekking.com\/de\/privacy-policy\/#breadcrumb\"},\"inLanguage\":\"de\",\"potentialAction\":[{\"@type\":\"ReadAction\",\"target\":[\"https:\/\/mediterraneatrekking.com\/de\/privacy-policy\/\"]}]},{\"@type\":\"BreadcrumbList\",\"@id\":\"https:\/\/mediterraneatrekking.com\/de\/privacy-policy\/#breadcrumb\",\"itemListElement\":[{\"@type\":\"ListItem\",\"position\":1,\"name\":\"Home\",\"item\":\"https:\/\/mediterraneatrekking.com\/de\/\"},{\"@type\":\"ListItem\",\"position\":2,\"name\":\"Privacy Policy It\"}]},{\"@type\":\"WebSite\",\"@id\":\"https:\/\/mediterraneatrekking.com\/de\/#website\",\"url\":\"https:\/\/mediterraneatrekking.com\/de\/\",\"name\":\"Mediterranea Trekking\",\"description\":\"Itinerari e Trekking in Sicilia\",\"publisher\":{\"@id\":\"https:\/\/mediterraneatrekking.com\/de\/#organization\"},\"potentialAction\":[{\"@type\":\"SearchAction\",\"target\":{\"@type\":\"EntryPoint\",\"urlTemplate\":\"https:\/\/mediterraneatrekking.com\/de\/?s={search_term_string}\"},\"query-input\":{\"@type\":\"PropertyValueSpecification\",\"valueRequired\":true,\"valueName\":\"search_term_string\"}}],\"inLanguage\":\"de\"},{\"@type\":\"Organization\",\"@id\":\"https:\/\/mediterraneatrekking.com\/de\/#organization\",\"name\":\"Mediterranea Trekking srl\",\"url\":\"https:\/\/mediterraneatrekking.com\/de\/\",\"logo\":{\"@type\":\"ImageObject\",\"inLanguage\":\"de\",\"@id\":\"https:\/\/mediterraneatrekking.com\/de\/#\/schema\/logo\/image\/\",\"url\":\"https:\/\/mediterraneatrekking.com\/wp-content\/uploads\/2019\/02\/logo-med.png\",\"contentUrl\":\"https:\/\/mediterraneatrekking.com\/wp-content\/uploads\/2019\/02\/logo-med.png\",\"width\":344,\"height\":64,\"caption\":\"Mediterranea Trekking srl\"},\"image\":{\"@id\":\"https:\/\/mediterraneatrekking.com\/de\/#\/schema\/logo\/image\/\"},\"sameAs\":[\"https:\/\/www.facebook.com\/mediterraneatrekking\/\"]}]}<\/script>\n<!-- \/ Yoast SEO plugin. -->","yoast_head_json":{"title":"Privacy Policy - Mediterranea Trekking","robots":{"index":"index","follow":"follow","max-snippet":"max-snippet:-1","max-image-preview":"max-image-preview:large","max-video-preview":"max-video-preview:-1"},"canonical":"https:\/\/mediterraneatrekking.com\/de\/privacy-policy\/","og_locale":"de_DE","og_type":"article","og_title":"Privacy Policy - Mediterranea Trekking","og_description":"Titolare del trattamento Titolare del trattamento \u00e8 Mediterranea Trekking Srl, con sede in Via Giuseppe Natoli, 61, 98123 Messina ME, CF e P.IVA 02805320831 (in seguito, \u201cTitolare\u201d), in qualit\u00e0 di titolare del trattamento, La informa ai sensi dell\u2019art. 13 D.Lgs. 30.6.2003 n. 196 (in seguito, \u201cCodice Privacy\u201d) e dell\u2019art. 13 Regolamento UE n. 2016\/679 (in [&hellip;]","og_url":"https:\/\/mediterraneatrekking.com\/de\/privacy-policy\/","og_site_name":"Mediterranea Trekking","article_publisher":"https:\/\/www.facebook.com\/mediterraneatrekking\/","article_modified_time":"2022-10-11T15:57:21+00:00","twitter_card":"summary_large_image","twitter_misc":{"Gesch\u00e4tzte Lesezeit":"5\u00a0Minuten"},"schema":{"@context":"https:\/\/schema.org","@graph":[{"@type":"WebPage","@id":"https:\/\/mediterraneatrekking.com\/de\/privacy-policy\/","url":"https:\/\/mediterraneatrekking.com\/de\/privacy-policy\/","name":"Privacy Policy - Mediterranea Trekking","isPartOf":{"@id":"https:\/\/mediterraneatrekking.com\/de\/#website"},"datePublished":"2020-09-05T16:09:38+00:00","dateModified":"2022-10-11T15:57:21+00:00","breadcrumb":{"@id":"https:\/\/mediterraneatrekking.com\/de\/privacy-policy\/#breadcrumb"},"inLanguage":"de","potentialAction":[{"@type":"ReadAction","target":["https:\/\/mediterraneatrekking.com\/de\/privacy-policy\/"]}]},{"@type":"BreadcrumbList","@id":"https:\/\/mediterraneatrekking.com\/de\/privacy-policy\/#breadcrumb","itemListElement":[{"@type":"ListItem","position":1,"name":"Home","item":"https:\/\/mediterraneatrekking.com\/de\/"},{"@type":"ListItem","position":2,"name":"Privacy Policy It"}]},{"@type":"WebSite","@id":"https:\/\/mediterraneatrekking.com\/de\/#website","url":"https:\/\/mediterraneatrekking.com\/de\/","name":"Mediterranea Trekking","description":"Itinerari e Trekking in Sicilia","publisher":{"@id":"https:\/\/mediterraneatrekking.com\/de\/#organization"},"potentialAction":[{"@type":"SearchAction","target":{"@type":"EntryPoint","urlTemplate":"https:\/\/mediterraneatrekking.com\/de\/?s={search_term_string}"},"query-input":{"@type":"PropertyValueSpecification","valueRequired":true,"valueName":"search_term_string"}}],"inLanguage":"de"},{"@type":"Organization","@id":"https:\/\/mediterraneatrekking.com\/de\/#organization","name":"Mediterranea Trekking srl","url":"https:\/\/mediterraneatrekking.com\/de\/","logo":{"@type":"ImageObject","inLanguage":"de","@id":"https:\/\/mediterraneatrekking.com\/de\/#\/schema\/logo\/image\/","url":"https:\/\/mediterraneatrekking.com\/wp-content\/uploads\/2019\/02\/logo-med.png","contentUrl":"https:\/\/mediterraneatrekking.com\/wp-content\/uploads\/2019\/02\/logo-med.png","width":344,"height":64,"caption":"Mediterranea Trekking srl"},"image":{"@id":"https:\/\/mediterraneatrekking.com\/de\/#\/schema\/logo\/image\/"},"sameAs":["https:\/\/www.facebook.com\/mediterraneatrekking\/"]}]}},"_links":{"self":[{"href":"https:\/\/mediterraneatrekking.com\/de\/wp-json\/wp\/v2\/pages\/962025","targetHints":{"allow":["GET"]}}],"collection":[{"href":"https:\/\/mediterraneatrekking.com\/de\/wp-json\/wp\/v2\/pages"}],"about":[{"href":"https:\/\/mediterraneatrekking.com\/de\/wp-json\/wp\/v2\/types\/page"}],"author":[{"embeddable":true,"href":"https:\/\/mediterraneatrekking.com\/de\/wp-json\/wp\/v2\/users\/1"}],"replies":[{"embeddable":true,"href":"https:\/\/mediterraneatrekking.com\/de\/wp-json\/wp\/v2\/comments?post=962025"}],"version-history":[{"count":3,"href":"https:\/\/mediterraneatrekking.com\/de\/wp-json\/wp\/v2\/pages\/962025\/revisions"}],"predecessor-version":[{"id":1001767,"href":"https:\/\/mediterraneatrekking.com\/de\/wp-json\/wp\/v2\/pages\/962025\/revisions\/1001767"}],"wp:attachment":[{"href":"https:\/\/mediterraneatrekking.com\/de\/wp-json\/wp\/v2\/media?parent=962025"}],"curies":[{"name":"wp","href":"https:\/\/api.w.org\/{rel}","templated":true}]}}